{"id":2,"date":"2025-03-08T19:22:26","date_gmt":"2025-03-08T19:22:26","guid":{"rendered":"https:\/\/jwfacts.com.br\/?page_id=2"},"modified":"2026-01-30T12:16:35","modified_gmt":"2026-01-30T12:16:35","slug":"sample-page","status":"publish","type":"page","link":"https:\/\/jwfacts.com.br\/index.php\/sample-page\/","title":{"rendered":"Origens das Testemunhas de Jeov\u00e1"},"content":{"rendered":"\n<p>Origens e Desenvolvimento Inicial<\/p>\n\n\n\n<figure class=\"wp-block-embed is-type-video is-provider-youtube wp-block-embed-youtube wp-embed-aspect-16-9 wp-has-aspect-ratio\"><div class=\"wp-block-embed__wrapper\">\n<iframe loading=\"lazy\" title=\"DESMASCARANDO AS TESTEMUNHAS DE JEOV\u00c1 | Reino de Ilus\u00f5es\" width=\"640\" height=\"360\" src=\"https:\/\/www.youtube.com\/embed\/LGyd8-zVcJ0?feature=oembed\" frameborder=\"0\" allow=\"accelerometer; autoplay; clipboard-write; encrypted-media; gyroscope; picture-in-picture; web-share\" referrerpolicy=\"strict-origin-when-cross-origin\" allowfullscreen><\/iframe>\n<\/div><\/figure>\n\n\n\n<figure class=\"wp-block-embed is-type-video is-provider-youtube wp-block-embed-youtube wp-embed-aspect-16-9 wp-has-aspect-ratio\"><div class=\"wp-block-embed__wrapper\">\n<iframe loading=\"lazy\" title=\"A ORIGEM DAS TESTEMUNHAS DE JEOV\u00c1 \u2013 Hist\u00f3ria do Cristianismo 22 \u271d\" width=\"640\" height=\"360\" src=\"https:\/\/www.youtube.com\/embed\/VNXOlcoGJ-A?feature=oembed\" frameborder=\"0\" allow=\"accelerometer; autoplay; clipboard-write; encrypted-media; gyroscope; picture-in-picture; web-share\" referrerpolicy=\"strict-origin-when-cross-origin\" allowfullscreen><\/iframe>\n<\/div><\/figure>\n\n\n\n<hr class=\"wp-block-separator has-alpha-channel-opacity\"\/>\n\n\n\n<figure class=\"wp-block-embed is-type-video is-provider-youtube wp-block-embed-youtube wp-embed-aspect-16-9 wp-has-aspect-ratio\"><div class=\"wp-block-embed__wrapper\">\n<iframe loading=\"lazy\" title=\"From Kooky to Cult: The History of Jehovah&#039;s Witnesses\" width=\"640\" height=\"360\" src=\"https:\/\/www.youtube.com\/embed\/wrxcKdzWj2Y?feature=oembed\" frameborder=\"0\" allow=\"accelerometer; autoplay; clipboard-write; encrypted-media; gyroscope; picture-in-picture; web-share\" referrerpolicy=\"strict-origin-when-cross-origin\" allowfullscreen><\/iframe>\n<\/div><\/figure>\n\n\n\n<hr class=\"wp-block-separator has-alpha-channel-opacity\"\/>\n\n\n\n<p>As Testemunhas de Jeov\u00e1 tiveram sua origem no final do s\u00e9culo XIX, nos Estados Unidos, com um grupo de estudo da B\u00edblia liderado por Charles Taze Russell. Russell foi influenciado por adventistas e outros grupos milenaristas, rejeitando algumas doutrinas tradicionais do cristianismo, como a Trindade e a imortalidade da alma.<\/p>\n\n\n\n<p>Em 1879, Russell come\u00e7ou a publicar a revista <em>Zion&#8217;s Watch Tower and Herald of Christ&#8217;s Presence<\/em>, que mais tarde se tornaria <em>A Sentinela<\/em>. Em 1884, ele fundou a <em>Zion&#8217;s Watch Tower Tract Society<\/em>, que hoje \u00e9 conhecida como <em>Watch Tower Bible and Tract Society of Pennsylvania<\/em>.<\/p>\n\n\n\n<h3 class=\"wp-block-heading\">Presidentes e Mudan\u00e7as na Lideran\u00e7a<\/h3>\n\n\n\n<ol start=\"1\" class=\"wp-block-list\">\n<li><strong>Charles Taze Russell (1884-1916)<\/strong>\n<ul class=\"wp-block-list\">\n<li>Fundador do movimento e primeiro presidente.<\/li>\n\n\n\n<li>Publicou a s\u00e9rie de livros <em>Estudos das Escrituras<\/em>.<\/li>\n\n\n\n<li>Acreditava que 1914 marcaria o fim dos tempos dos gentios.<\/li>\n<\/ul>\n<\/li>\n\n\n\n<li><strong>Joseph Franklin Rutherford (1917-1942)<\/strong>\n<ul class=\"wp-block-list\">\n<li>Reorganizou a estrutura da Sociedade.<\/li>\n\n\n\n<li>Introduziu o nome &#8220;Testemunhas de Jeov\u00e1&#8221; em 1931 (<em>A Sentinela, 1931, 1 de novembro, p. 327<\/em>).<\/li>\n\n\n\n<li>Expans\u00e3o do trabalho de prega\u00e7\u00e3o e aumento do controle organizacional.<\/li>\n<\/ul>\n<\/li>\n\n\n\n<li><strong>Nathan Homer Knorr (1942-1977)<\/strong>\n<ul class=\"wp-block-list\">\n<li>Foco na educa\u00e7\u00e3o teocr\u00e1tica, incluindo a funda\u00e7\u00e3o da Escola de Gileade.<\/li>\n\n\n\n<li>Lan\u00e7amento da <em>Tradu\u00e7\u00e3o do Novo Mundo das Escrituras Sagradas<\/em>.<\/li>\n<\/ul>\n<\/li>\n\n\n\n<li><strong>Frederick William Franz (1977-1992)<\/strong>\n<ul class=\"wp-block-list\">\n<li>Participou da comiss\u00e3o de tradutores da <em>TNM<\/em>.<\/li>\n\n\n\n<li>Presenciou a mudan\u00e7a na interpreta\u00e7\u00e3o sobre a gera\u00e7\u00e3o de 1914.<\/li>\n<\/ul>\n<\/li>\n\n\n\n<li><strong>Milton George Henschel (1992-2000)<\/strong>\n<ul class=\"wp-block-list\">\n<li>Em 2000, a estrutura de governo foi alterada, reduzindo o papel do presidente.<\/li>\n<\/ul>\n<\/li>\n\n\n\n<li><strong>Don A. Adams (2000-2006)<\/strong>\n<ul class=\"wp-block-list\">\n<li>Primeiro presidente ap\u00f3s a mudan\u00e7a estrutural.<\/li>\n<\/ul>\n<\/li>\n\n\n\n<li><strong>Atual estrutura<\/strong>\n<ul class=\"wp-block-list\">\n<li>Desde 2000, o Corpo Governante lidera a organiza\u00e7\u00e3o em vez de um presidente central.<\/li>\n<\/ul>\n<\/li>\n<\/ol>\n\n\n\n<h2 class=\"wp-block-heading\">Estrutura Atual<\/h2>\n\n\n\n<p>Hoje, as Testemunhas de Jeov\u00e1 s\u00e3o lideradas pelo <strong>Corpo Governante<\/strong>, um pequeno grupo de homens que supervisiona doutrinas e atividades. A sede mundial est\u00e1 localizada em Warwick, Nova York.<\/p>\n\n\n\n<ul class=\"wp-block-list\">\n<li><strong>Corpo Governante<\/strong>: Respons\u00e1vel pelas diretrizes doutrin\u00e1rias.<\/li>\n\n\n\n<li><strong>Filiais<\/strong>: Administram a obra em v\u00e1rios pa\u00edses.<\/li>\n\n\n\n<li><strong>Congrega\u00e7\u00f5es<\/strong>: Formadas por publicadores que realizam prega\u00e7\u00e3o e reuni\u00f5es.<\/li>\n\n\n\n<li><strong>Anci\u00e3os e Servos Ministeriais<\/strong>: Respons\u00e1veis pela organiza\u00e7\u00e3o local.<\/li>\n<\/ul>\n\n\n\n<h2 class=\"wp-block-heading\">Considera\u00e7\u00f5es Finais<\/h2>\n\n\n\n<p>As Testemunhas de Jeov\u00e1 evolu\u00edram significativamente desde a era de Russell, passando de um grupo de estudo para uma estrutura altamente organizada. A lideran\u00e7a atual enfatiza a unidade e a prega\u00e7\u00e3o global.<\/p>\n\n\n\n<p>Refer\u00eancias:<\/p>\n\n\n\n<p><em>A Sentinela, 1931, 1 de novembro, p. 327.<\/em><\/p>\n\n\n\n<p><em>Proclamadores do Reino de Deus<\/em>, 1993.<\/p>\n\n\n\n<hr class=\"wp-block-separator has-alpha-channel-opacity\"\/>\n\n\n\n<figure class=\"wp-block-embed is-type-video is-provider-youtube wp-block-embed-youtube wp-embed-aspect-16-9 wp-has-aspect-ratio\"><div class=\"wp-block-embed__wrapper\">\n<iframe loading=\"lazy\" title=\"How To REFUTE Jehovah\u2019s Witnesses: A Beginner&#039;s Guide To Christian Apologetics\" width=\"640\" height=\"360\" src=\"https:\/\/www.youtube.com\/embed\/2L7Vj4-32Sc?feature=oembed\" frameborder=\"0\" allow=\"accelerometer; autoplay; clipboard-write; encrypted-media; gyroscope; picture-in-picture; web-share\" referrerpolicy=\"strict-origin-when-cross-origin\" allowfullscreen><\/iframe>\n<\/div><\/figure>\n\n\n\n<hr class=\"wp-block-separator has-alpha-channel-opacity\"\/>\n\n\n\n<figure class=\"wp-block-embed is-type-video is-provider-youtube wp-block-embed-youtube wp-embed-aspect-16-9 wp-has-aspect-ratio\"><div class=\"wp-block-embed__wrapper\">\n<iframe loading=\"lazy\" title=\"Document\u00e1rio: Seitas e suas t\u00e9cnicas de controle\" width=\"640\" height=\"360\" src=\"https:\/\/www.youtube.com\/embed\/Tl0iTtuBw2Q?start=955&#038;feature=oembed\" frameborder=\"0\" allow=\"accelerometer; autoplay; clipboard-write; encrypted-media; gyroscope; picture-in-picture; web-share\" referrerpolicy=\"strict-origin-when-cross-origin\" allowfullscreen><\/iframe>\n<\/div><\/figure>\n","protected":false},"excerpt":{"rendered":"<p>As Testemunhas de Jeov\u00e1 tiveram sua origem no final do s\u00e9culo XIX, nos Estados Unidos, com um grupo de estudo da B\u00edblia liderado por Charles Taze Russell. Russell foi influenciado por adventistas e outros grupos milenaristas, rejeitando algumas doutrinas tradicionais do cristianismo, como a Trindade e a imortalidade da alma.<\/p>\n<p>Em 1879, Russell come\u00e7ou a publicar a revista Zion&#8217;s Watch Tower and Herald of Christ&#8217;s Presence, que mais tarde se tornaria A Sentinela. Em 1884, ele fundou a Zion&#8217;s Watch Tower Tract Society, que hoje \u00e9 conhecida como Watch Tower Bible and Tract Society of Pennsylvania.<\/p>\n","protected":false},"author":1,"featured_media":0,"parent":0,"menu_order":0,"comment_status":"closed","ping_status":"open","template":"","meta":{"advanced_seo_description":"As Testemunhas de Jeov\u00e1 tiveram sua origem no final do s\u00e9culo XIX, nos Estados Unidos, com um grupo de estudo da B\u00edblia liderado por Charles Taze Russell. Russell foi influenciado por adventistas e outros grupos milenaristas, rejeitando algumas doutrinas tradicionais do cristianismo, como a Trindade e a imortalidade da alma.\n\nEm 1879, Russell come\u00e7ou a publicar a revista Zion's Watch Tower and Herald of Christ's Presence, que mais tarde se tornaria A Sentinela. Em 1884, ele fundou a Zion's Watch Tower Tract Society, que hoje \u00e9 conhecida como Watch Tower Bible and Tract Society of Pennsylvania.","jetpack_seo_html_title":"Origens das Testemunhas de Jeov\u00e1","jetpack_seo_noindex":false,"footnotes":""},"class_list":["post-2","page","type-page","status-publish","hentry"],"jetpack_likes_enabled":true,"jetpack_sharing_enabled":true,"jetpack-related-posts":[{"id":164,"url":"https:\/\/jwfacts.com.br\/index.php\/depoimentos-de-ex-tjs\/","url_meta":{"origin":2,"position":0},"title":"Depoimentos de Ex-Tjs","author":"admin","date":"mar\u00e7o 9, 2025","format":false,"excerpt":"Ostracismo e Exclus\u00e3o: Depoimentos de Ex-Testemunhas de Jeov\u00e1 O ostracismo \u00e9 uma pr\u00e1tica que tem sido utilizada por diversas organiza\u00e7\u00f5es ao redor do mundo como uma forma de controle social. No contexto das Testemunhas de Jeov\u00e1 (TJs), esse conceito \u00e9 particularmente doloroso, pois os indiv\u00edduos que decidem deixar a seita\u2026","rel":"","context":"Post similar","block_context":{"text":"Post similar","link":""},"img":{"alt_text":"","src":"https:\/\/i0.wp.com\/img.youtube.com\/vi\/IxvgPfpQnH8\/0.jpg?resize=350%2C200","width":350,"height":200},"classes":[]},{"id":159,"url":"https:\/\/jwfacts.com.br\/index.php\/entendendo-1914-como-as-testemunhas-de-jeova-fabricaram-uma-profecia-falsa-sobre-o-fim\/","url_meta":{"origin":2,"position":1},"title":"Entendendo 1914","author":"admin","date":"mar\u00e7o 9, 2025","format":false,"excerpt":"1914: Como as Testemunhas de Jeov\u00e1 Interpretaram a Profecia sobre o Fim dos Tempos O ano de 1914 \u00e9 um marco central na teologia das Testemunhas de Jeov\u00e1, sendo considerado o ano que marca o in\u00edcio do \"reino de Deus\" e o \"fim dos tempos\". Mas como essa data foi\u2026","rel":"","context":"Post similar","block_context":{"text":"Post similar","link":""},"img":{"alt_text":"","src":"https:\/\/i0.wp.com\/img.youtube.com\/vi\/PL_dmI7kRW6lh3P4OXgELK5zAmTra7QFD1\/0.jpg?resize=350%2C200","width":350,"height":200},"classes":[]},{"id":167,"url":"https:\/\/jwfacts.com.br\/index.php\/sobre\/","url_meta":{"origin":2,"position":2},"title":"Sobre","author":"admin","date":"mar\u00e7o 9, 2025","format":false,"excerpt":"Este blog nasceu da dor. Da dor de ver fam\u00edlias desfeitas, vidas controladas e mentes aprisionadas por uma organiza\u00e7\u00e3o que se apresenta como canal exclusivo de Deus, mas que age como uma m\u00e1quina de domina\u00e7\u00e3o emocional e espiritual. Por muitos anos, eu tamb\u00e9m acreditei. Acreditei que a Torre de Vigia\u2026","rel":"","context":"Post similar","block_context":{"text":"Post similar","link":""},"img":{"alt_text":"","src":"https:\/\/i0.wp.com\/jwfacts.com.br\/wp-content\/uploads\/2026\/01\/ChatGPT-Image-20-de-jan.-de-2026-08_49_18.jpg?resize=350%2C200&ssl=1","width":350,"height":200,"srcset":"https:\/\/i0.wp.com\/jwfacts.com.br\/wp-content\/uploads\/2026\/01\/ChatGPT-Image-20-de-jan.-de-2026-08_49_18.jpg?resize=350%2C200&ssl=1 1x, https:\/\/i0.wp.com\/jwfacts.com.br\/wp-content\/uploads\/2026\/01\/ChatGPT-Image-20-de-jan.-de-2026-08_49_18.jpg?resize=525%2C300&ssl=1 1.5x, https:\/\/i0.wp.com\/jwfacts.com.br\/wp-content\/uploads\/2026\/01\/ChatGPT-Image-20-de-jan.-de-2026-08_49_18.jpg?resize=700%2C400&ssl=1 2x"},"classes":[]},{"id":171,"url":"https:\/\/jwfacts.com.br\/index.php\/termos-de-uso\/","url_meta":{"origin":2,"position":3},"title":"Termos de Uso","author":"admin","date":"mar\u00e7o 9, 2025","format":false,"excerpt":"O JWFacts Brasil tem como objetivo fornecer an\u00e1lises, coment\u00e1rios e informa\u00e7\u00f5es baseadas em evid\u00eancias sobre as doutrinas, publica\u00e7\u00f5es e hist\u00f3ria das Testemunhas de Jeov\u00e1, com foco em fontes p\u00fablicas, documentos oficiais e literatura acad\u00eamica. O conte\u00fado \u00e9 voltado ao p\u00fablico que busca refletir criticamente sobre essas quest\u00f5es de forma livre\u2026","rel":"","context":"Post similar","block_context":{"text":"Post similar","link":""},"img":{"alt_text":"","src":"","width":0,"height":0},"classes":[]},{"id":390,"url":"https:\/\/jwfacts.com.br\/index.php\/aviso-legal\/","url_meta":{"origin":2,"position":4},"title":"Aviso Legal","author":"admin","date":"abril 4, 2025","format":false,"excerpt":"O conte\u00fado apresentado no site jwfacts.com.br tem como objetivo fornecer informa\u00e7\u00f5es e an\u00e1lises sobre a hist\u00f3ria, doutrinas e pr\u00e1ticas das Testemunhas de Jeov\u00e1. As informa\u00e7\u00f5es disponibilizadas s\u00e3o baseadas em pesquisas e fontes consideradas confi\u00e1veis pela equipe do site. No entanto, n\u00e3o garantimos a exatid\u00e3o ou completude dessas informa\u00e7\u00f5es.\u200b As opini\u00f5es\u2026","rel":"","context":"Post similar","block_context":{"text":"Post similar","link":""},"img":{"alt_text":"","src":"","width":0,"height":0},"classes":[]}],"_links":{"self":[{"href":"https:\/\/jwfacts.com.br\/index.php\/wp-json\/wp\/v2\/pages\/2","targetHints":{"allow":["GET"]}}],"collection":[{"href":"https:\/\/jwfacts.com.br\/index.php\/wp-json\/wp\/v2\/pages"}],"about":[{"href":"https:\/\/jwfacts.com.br\/index.php\/wp-json\/wp\/v2\/types\/page"}],"author":[{"embeddable":true,"href":"https:\/\/jwfacts.com.br\/index.php\/wp-json\/wp\/v2\/users\/1"}],"replies":[{"embeddable":true,"href":"https:\/\/jwfacts.com.br\/index.php\/wp-json\/wp\/v2\/comments?post=2"}],"version-history":[{"count":10,"href":"https:\/\/jwfacts.com.br\/index.php\/wp-json\/wp\/v2\/pages\/2\/revisions"}],"predecessor-version":[{"id":1893,"href":"https:\/\/jwfacts.com.br\/index.php\/wp-json\/wp\/v2\/pages\/2\/revisions\/1893"}],"wp:attachment":[{"href":"https:\/\/jwfacts.com.br\/index.php\/wp-json\/wp\/v2\/media?parent=2"}],"curies":[{"name":"wp","href":"https:\/\/api.w.org\/{rel}","templated":true}]}}