{"id":169,"date":"2025-03-09T12:11:04","date_gmt":"2025-03-09T12:11:04","guid":{"rendered":"https:\/\/jwfacts.com.br\/?page_id=169"},"modified":"2025-04-04T13:13:35","modified_gmt":"2025-04-04T13:13:35","slug":"politica-de-privacidade","status":"publish","type":"page","link":"https:\/\/jwfacts.com.br\/index.php\/politica-de-privacidade\/","title":{"rendered":"Pol\u00edtica de Privacidade"},"content":{"rendered":"\n<p><strong>\u00daltima atualiza\u00e7\u00e3o: 04\/04\/2025<\/strong><\/p>\n\n\n\n<p>A sua privacidade \u00e9 importante para n\u00f3s. Esta Pol\u00edtica de Privacidade explica como coletamos, usamos e protegemos suas informa\u00e7\u00f5es ao acessar o site <strong>JWFacts Brasil<\/strong> (<a class=\"\" href=\"https:\/\/jwfacts.com.br\">https:\/\/jwfacts.com.br<\/a>).<\/p>\n\n\n\n<h2 class=\"wp-block-heading\">Coleta de Informa\u00e7\u00f5es<\/h2>\n\n\n\n<p>Nosso site pode coletar informa\u00e7\u00f5es de duas formas:<\/p>\n\n\n\n<h3 class=\"wp-block-heading\">a) Informa\u00e7\u00f5es fornecidas voluntariamente:<\/h3>\n\n\n\n<ul class=\"wp-block-list\">\n<li>Quando voc\u00ea entra em contato por e-mail ou comenta em uma publica\u00e7\u00e3o, podemos coletar seu nome (ou apelido) e e-mail.<\/li>\n<\/ul>\n\n\n\n<h3 class=\"wp-block-heading\">b) Informa\u00e7\u00f5es coletadas automaticamente:<\/h3>\n\n\n\n<ul class=\"wp-block-list\">\n<li>Cookies e ferramentas de an\u00e1lise (como o Google Analytics) podem coletar dados como IP, tipo de navegador, p\u00e1ginas visitadas e tempo de navega\u00e7\u00e3o, de forma an\u00f4nima.<\/li>\n<\/ul>\n\n\n\n<h2 class=\"wp-block-heading\">Uso das Informa\u00e7\u00f5es<\/h2>\n\n\n\n<p>As informa\u00e7\u00f5es coletadas podem ser usadas para:<\/p>\n\n\n\n<ul class=\"wp-block-list\">\n<li>Responder a mensagens ou coment\u00e1rios enviados por voc\u00ea;<\/li>\n\n\n\n<li>Melhorar a experi\u00eancia do usu\u00e1rio e o conte\u00fado do site;<\/li>\n\n\n\n<li>Monitorar estat\u00edsticas de acesso (de forma agregada e an\u00f4nima).<\/li>\n<\/ul>\n\n\n\n<p><strong>N\u00e3o compartilhamos, vendemos ou divulgamos seus dados pessoais com terceiros<\/strong>, exceto quando exigido por lei.<\/p>\n\n\n\n<h2 class=\"wp-block-heading\">Cookies<\/h2>\n\n\n\n<p>Cookies s\u00e3o pequenos arquivos armazenados no seu navegador para melhorar sua experi\u00eancia de navega\u00e7\u00e3o. Voc\u00ea pode desativar os cookies nas configura\u00e7\u00f5es do seu navegador, mas isso pode afetar algumas funcionalidades do site.<\/p>\n\n\n\n<h2 class=\"wp-block-heading\">Links para Sites Externos<\/h2>\n\n\n\n<p>Este site pode conter links para outros sites. N\u00e3o somos respons\u00e1veis pelas pr\u00e1ticas de privacidade de sites de terceiros. Recomendamos que voc\u00ea leia as pol\u00edticas desses sites ao acess\u00e1-los.<\/p>\n\n\n\n<h2 class=\"wp-block-heading\">Seguran\u00e7a<\/h2>\n\n\n\n<p>Adotamos medidas razo\u00e1veis de seguran\u00e7a para proteger suas informa\u00e7\u00f5es. No entanto, nenhuma transmiss\u00e3o de dados pela internet \u00e9 100% segura. Assim, n\u00e3o podemos garantir a seguran\u00e7a absoluta das informa\u00e7\u00f5es transmitidas.<\/p>\n\n\n\n<h2 class=\"wp-block-heading\">Seus Direitos<\/h2>\n\n\n\n<p>Nos termos da <strong>LGPD (Lei n\u00ba 13.709\/2018)<\/strong>, voc\u00ea tem o direito de:<\/p>\n\n\n\n<ul class=\"wp-block-list\">\n<li>Acessar os dados pessoais que temos sobre voc\u00ea;<\/li>\n\n\n\n<li>Solicitar a corre\u00e7\u00e3o ou exclus\u00e3o desses dados;<\/li>\n\n\n\n<li>Retirar seu consentimento, quando aplic\u00e1vel.<\/li>\n<\/ul>\n\n\n\n<p>Para exercer esses direitos, entre em contato pelo e-mail abaixo.<\/p>\n\n\n\n<h2 class=\"wp-block-heading\">Altera\u00e7\u00f5es nesta Pol\u00edtica<\/h2>\n\n\n\n<p>Esta Pol\u00edtica pode ser atualizada periodicamente. As altera\u00e7\u00f5es entrar\u00e3o em vigor ap\u00f3s sua publica\u00e7\u00e3o nesta p\u00e1gina. Recomendamos que voc\u00ea revise esta pol\u00edtica regularmente.<\/p>\n\n\n\n<h2 class=\"wp-block-heading\">Contato<\/h2>\n\n\n\n<p>Em caso de d\u00favidas ou solicita\u00e7\u00f5es sobre esta Pol\u00edtica de Privacidade, entre em contato:<\/p>\n\n\n\n<p>\ud83d\udce7 <strong><a class=\"\">contato@jwfacts.com.br<\/a><\/strong><\/p>\n\n\n\n<p><\/p>\n","protected":false},"excerpt":{"rendered":"<p>\u00daltima atualiza\u00e7\u00e3o: 04\/04\/2025 A sua privacidade \u00e9 importante para n\u00f3s. Esta Pol\u00edtica de Privacidade explica<\/p>\n","protected":false},"author":1,"featured_media":0,"parent":0,"menu_order":0,"comment_status":"closed","ping_status":"closed","template":"","meta":{"advanced_seo_description":"","jetpack_seo_html_title":"Pol\u00edtica deA sua privacidade \u00e9 extremamente importante para n\u00f3s. Esta Pol\u00edtica de Privacidade tem como objetivo explicar de forma clara como coletamos, usamos, protegemos e compartilhamos as informa\u00e7\u00f5es pessoais que voc\u00ea nos fornece ao acessar e utilizar nosso blog. Ao utilizar nosso blog, voc\u00ea concorda com os termos desta pol\u00edtica. Caso n\u00e3o concorde com alguma parte dela, recomendamos que n\u00e3o continue a utilizar o blog. Privacidade","jetpack_seo_noindex":false,"footnotes":""},"class_list":["post-169","page","type-page","status-publish","hentry"],"jetpack_likes_enabled":true,"jetpack_sharing_enabled":true,"jetpack-related-posts":[{"id":390,"url":"https:\/\/jwfacts.com.br\/index.php\/aviso-legal\/","url_meta":{"origin":169,"position":0},"title":"Aviso Legal","author":"admin","date":"abril 4, 2025","format":false,"excerpt":"O conte\u00fado apresentado no site jwfacts.com.br tem como objetivo fornecer informa\u00e7\u00f5es e an\u00e1lises sobre a hist\u00f3ria, doutrinas e pr\u00e1ticas das Testemunhas de Jeov\u00e1. As informa\u00e7\u00f5es disponibilizadas s\u00e3o baseadas em pesquisas e fontes consideradas confi\u00e1veis pela equipe do site. No entanto, n\u00e3o garantimos a exatid\u00e3o ou completude dessas informa\u00e7\u00f5es.\u200b As opini\u00f5es\u2026","rel":"","context":"Post similar","block_context":{"text":"Post similar","link":""},"img":{"alt_text":"","src":"","width":0,"height":0},"classes":[]},{"id":171,"url":"https:\/\/jwfacts.com.br\/index.php\/termos-de-uso\/","url_meta":{"origin":169,"position":1},"title":"Termos de Uso","author":"admin","date":"mar\u00e7o 9, 2025","format":false,"excerpt":"O JWFacts Brasil tem como objetivo fornecer an\u00e1lises, coment\u00e1rios e informa\u00e7\u00f5es baseadas em evid\u00eancias sobre as doutrinas, publica\u00e7\u00f5es e hist\u00f3ria das Testemunhas de Jeov\u00e1, com foco em fontes p\u00fablicas, documentos oficiais e literatura acad\u00eamica. O conte\u00fado \u00e9 voltado ao p\u00fablico que busca refletir criticamente sobre essas quest\u00f5es de forma livre\u2026","rel":"","context":"Post similar","block_context":{"text":"Post similar","link":""},"img":{"alt_text":"","src":"","width":0,"height":0},"classes":[]},{"id":164,"url":"https:\/\/jwfacts.com.br\/index.php\/depoimentos-de-ex-tjs\/","url_meta":{"origin":169,"position":2},"title":"Depoimentos de Ex-Tjs","author":"admin","date":"mar\u00e7o 9, 2025","format":false,"excerpt":"Ostracismo e Exclus\u00e3o: Depoimentos de Ex-Testemunhas de Jeov\u00e1 O ostracismo \u00e9 uma pr\u00e1tica que tem sido utilizada por diversas organiza\u00e7\u00f5es ao redor do mundo como uma forma de controle social. No contexto das Testemunhas de Jeov\u00e1 (TJs), esse conceito \u00e9 particularmente doloroso, pois os indiv\u00edduos que decidem deixar a seita\u2026","rel":"","context":"Post similar","block_context":{"text":"Post similar","link":""},"img":{"alt_text":"","src":"https:\/\/i0.wp.com\/img.youtube.com\/vi\/IxvgPfpQnH8\/0.jpg?resize=350%2C200","width":350,"height":200},"classes":[]},{"id":159,"url":"https:\/\/jwfacts.com.br\/index.php\/entendendo-1914-como-as-testemunhas-de-jeova-fabricaram-uma-profecia-falsa-sobre-o-fim\/","url_meta":{"origin":169,"position":3},"title":"Entendendo 1914","author":"admin","date":"mar\u00e7o 9, 2025","format":false,"excerpt":"1914: Como as Testemunhas de Jeov\u00e1 Interpretaram a Profecia sobre o Fim dos Tempos O ano de 1914 \u00e9 um marco central na teologia das Testemunhas de Jeov\u00e1, sendo considerado o ano que marca o in\u00edcio do \"reino de Deus\" e o \"fim dos tempos\". Mas como essa data foi\u2026","rel":"","context":"Post similar","block_context":{"text":"Post similar","link":""},"img":{"alt_text":"","src":"https:\/\/i0.wp.com\/img.youtube.com\/vi\/PL_dmI7kRW6lh3P4OXgELK5zAmTra7QFD1\/0.jpg?resize=350%2C200","width":350,"height":200},"classes":[]}],"_links":{"self":[{"href":"https:\/\/jwfacts.com.br\/index.php\/wp-json\/wp\/v2\/pages\/169","targetHints":{"allow":["GET"]}}],"collection":[{"href":"https:\/\/jwfacts.com.br\/index.php\/wp-json\/wp\/v2\/pages"}],"about":[{"href":"https:\/\/jwfacts.com.br\/index.php\/wp-json\/wp\/v2\/types\/page"}],"author":[{"embeddable":true,"href":"https:\/\/jwfacts.com.br\/index.php\/wp-json\/wp\/v2\/users\/1"}],"replies":[{"embeddable":true,"href":"https:\/\/jwfacts.com.br\/index.php\/wp-json\/wp\/v2\/comments?post=169"}],"version-history":[{"count":3,"href":"https:\/\/jwfacts.com.br\/index.php\/wp-json\/wp\/v2\/pages\/169\/revisions"}],"predecessor-version":[{"id":398,"href":"https:\/\/jwfacts.com.br\/index.php\/wp-json\/wp\/v2\/pages\/169\/revisions\/398"}],"wp:attachment":[{"href":"https:\/\/jwfacts.com.br\/index.php\/wp-json\/wp\/v2\/media?parent=169"}],"curies":[{"name":"wp","href":"https:\/\/api.w.org\/{rel}","templated":true}]}}